{"id":145,"date":"2026-01-22T14:10:50","date_gmt":"2026-01-22T13:10:50","guid":{"rendered":"https:\/\/groommistr.com\/?page_id=145"},"modified":"2026-02-22T13:58:30","modified_gmt":"2026-02-22T12:58:30","slug":"kontakt","status":"publish","type":"page","link":"https:\/\/groommistr.com\/?page_id=145","title":{"rendered":"Kontakt"},"content":{"rendered":"\t\t<div data-elementor-type=\"wp-page\" data-elementor-id=\"145\" class=\"elementor elementor-145\">\n\t\t\t\t<div class=\"elementor-element elementor-element-0c4fc81 e-flex e-con-boxed lakit-col-width-auto-no e-container e-root-container elementor-top-section e-con e-parent\" data-id=\"0c4fc81\" data-element_type=\"container\">\n\t\t\t\t\t<div class=\"e-con-inner\">\n\t\t\t\t<div class=\"elementor-element elementor-element-898b406 lakit-nav-line-animation-none elementor-widget lastudio-kit elementor-lakit-nav-menu\" data-id=\"898b406\" data-element_type=\"widget\" data-widget_type=\"lakit-nav-menu.default\">\n\t\t\t\t\t<div class=\"lakit-nav-wrap lakit-nav-wrap-898b406 lakit-mobile-menu lakit-mobile-menu--default\" data-effect=\"default\" data-dlconfig=\"{&quot;backtext&quot;:&quot;&lt;span&gt;Back&lt;\\\/span&gt;&quot;,&quot;backicon&quot;:null,&quot;triggericon&quot;:&quot;&lt;i class=\\&quot;lastudioicon-right-arrow\\&quot;&gt;&lt;\\\/i&gt;&quot;}\" data-mobile-breakpoint=\"1024\" data-mobile-layout=\"default\">\n<div class=\"main-color lakit-nav__mobile-trigger lakit-nav-mobile-trigger-align-left\">\n\t<span class=\"lakit-nav__mobile-trigger-open lakit-blocks-icon\"><svg xmlns=\"http:\/\/www.w3.org\/2000\/svg\" width=\"300\" height=\"300\" viewBox=\"0 0 300 300\" class=\"lakit-font-icon-svg\" data-icon-name=\"menu-8-1\" data-icon-type=\"LaStudioIcons\"><path d=\"M287.4 162.6H12.6C5.1 162.6 0 157.5 0 150s5.1-12.6 12.6-12.6h274.8c7.5 0 12.6 5.1 12.6 12.6s-5.1 12.6-12.6 12.6zm0-87.6H12.6C5.1 75 0 69.9 0 62.4s5.1-12.3 12.6-12.3h274.8c7.5 0 12.6 4.8 12.6 12.3S294.9 75 287.4 75zm0 174.9H12.6c-7.5 0-12.6-4.8-12.6-12.3S5.1 225 12.6 225h274.8c7.5 0 12.6 5.1 12.6 12.6s-5.1 12.3-12.6 12.3z\" fill=\"currentColor\"\/><\/svg><\/span>\t<span class=\"lakit-nav__mobile-trigger-close lakit-blocks-icon\"><svg xmlns=\"http:\/\/www.w3.org\/2000\/svg\" width=\"300\" height=\"300\" viewBox=\"0 0 300 300\" class=\"lakit-font-icon-svg\" data-icon-name=\"e-remove\" data-icon-type=\"LaStudioIcons\"><path d=\"M53.7 53.7c-4.5 4.2-8.1 8.4-8.1 9s19.5 20.4 43.2 44.1l42.9 43.2-42.9 43.2c-23.7 23.4-43.2 43.5-43.2 44.1 0 1.5 15.6 17.1 17.1 17.1.6 0 20.7-19.5 44.1-43.2l43.2-42.9 43.8 43.5 43.5 43.8 8.4-8.7c4.8-4.8 8.7-9 8.7-9.6s-19.5-20.7-43.2-44.1L168.3 150l42.9-43.2c23.7-23.7 43.2-43.5 43.2-44.1 0-1.5-15.6-17.1-17.1-17.1-.6 0-20.4 19.5-44.1 43.2L150 131.7l-43.2-42.9C83.4 65.1 63.3 45.6 62.7 45.6s-4.8 3.6-9 8.1\" fill=\"currentColor\"\/><\/svg><\/span><\/div><div class=\"lakit-nav-menuwrap lakit-nav-menuwrap-898b406\"><div class=\"lakit-nav lakit-nav-898b406 lakit-nav--horizontal\"><div class=\"menu-item menu-item-type-post_type menu-item-object-page menu-item-home lakit-nav-id-898b406 lakit-nav__item--default lakit-nav__item-169 lakit-nav__item\"><a href=\"https:\/\/groommistr.com\/\" class=\"menu-item-link menu-item-link-depth-0 menu-item-link-top\"><span class=\"lakit-nav-link-inner\" style=\"\"><span class=\"lakit-nav-link-text\"><span class=\"menu-text\">\u00daVOD<\/span><\/span><\/span><\/a><\/div>\n<div class=\"menu-item menu-item-type-post_type menu-item-object-page lakit-nav-id-898b406 lakit-nav__item--default lakit-nav__item-295 lakit-nav__item\"><a href=\"https:\/\/groommistr.com\/?page_id=279\" class=\"menu-item-link menu-item-link-depth-0 menu-item-link-top\"><span class=\"lakit-nav-link-inner\" style=\"\"><span class=\"lakit-nav-link-text\"><span class=\"menu-text\">Sluzby<\/span><\/span><\/span><\/a><\/div>\n<div class=\"menu-item menu-item-type-post_type menu-item-object-page lakit-nav-id-898b406 lakit-nav__item--default lakit-nav__item-380 lakit-nav__item\"><a href=\"https:\/\/groommistr.com\/?page_id=374\" class=\"menu-item-link menu-item-link-depth-0 menu-item-link-top\"><span class=\"lakit-nav-link-inner\" style=\"\"><span class=\"lakit-nav-link-text\"><span class=\"menu-text\">Cenik<\/span><\/span><\/span><\/a><\/div>\n<div class=\"menu-item menu-item-type-post_type menu-item-object-page lakit-nav-id-898b406 lakit-nav__item--default lakit-nav__item-186 lakit-nav__item\"><a href=\"https:\/\/groommistr.com\/?page_id=145\" class=\"menu-item-link menu-item-link-depth-0 menu-item-link-top\"><span class=\"lakit-nav-link-inner\" style=\"\"><span class=\"lakit-nav-link-text\"><span class=\"menu-text\">Kontakt<\/span><\/span><\/span><\/a><\/div>\n<\/div><\/div><\/div>\t\t\t\t<\/div>\n\t\t\t\t\t<\/div>\n\t\t\t\t<\/div>\n\t\t<div class=\"elementor-element elementor-element-56964aa e-grid e-con-boxed lakit-col-width-auto-no e-container e-root-container elementor-top-section e-con e-parent\" data-id=\"56964aa\" data-element_type=\"container\">\n\t\t\t\t\t<div class=\"e-con-inner\">\n\t\t\t\t<div class=\"elementor-element elementor-element-e1199b7 elementor-widget elementor-widget-image\" data-id=\"e1199b7\" data-element_type=\"widget\" data-widget_type=\"image.default\">\n\t\t\t\t\t\t\t\t\t\t\t\t\t\t\t<img fetchpriority=\"high\" decoding=\"async\" width=\"413\" height=\"281\" src=\"https:\/\/groommistr.com\/wp-content\/uploads\/2026\/01\/kontakt.jpg\" class=\"attachment-large size-large wp-image-201\" alt=\"\" srcset=\"https:\/\/groommistr.com\/wp-content\/uploads\/2026\/01\/kontakt.jpg 413w, https:\/\/groommistr.com\/wp-content\/uploads\/2026\/01\/kontakt-300x204.jpg 300w\" sizes=\"(max-width: 413px) 100vw, 413px\" \/>\t\t\t\t\t\t\t\t\t\t\t\t\t\t\t<\/div>\n\t\t\t\t<div class=\"elementor-element elementor-element-f3f92aa elementor-widget elementor-widget-google_maps\" data-id=\"f3f92aa\" data-element_type=\"widget\" data-widget_type=\"google_maps.default\">\n\t\t\t\t\t\t\t<div class=\"elementor-custom-embed\">\n\t\t\t<iframe loading=\"lazy\"\n\t\t\t\t\tsrc=\"https:\/\/maps.google.com\/maps?q=bobkova%20719%2F13&#038;t=m&#038;z=12&#038;output=embed&#038;iwloc=near\"\n\t\t\t\t\ttitle=\"bobkova 719\/13\"\n\t\t\t\t\taria-label=\"bobkova 719\/13\"\n\t\t\t><\/iframe>\n\t\t<\/div>\n\t\t\t\t\t\t<\/div>\n\t\t\t\t\t<\/div>\n\t\t\t\t<\/div>\n\t\t<div class=\"elementor-element elementor-element-c8bca31 e-flex e-con-boxed lakit-col-width-auto-no e-container e-root-container elementor-top-section e-con e-parent\" data-id=\"c8bca31\" data-element_type=\"container\">\n\t\t\t\t\t<div class=\"e-con-inner\">\n\t\t\t\t\t<\/div>\n\t\t\t\t<\/div>\n\t\t<div class=\"elementor-element elementor-element-f6c7ae6 e-flex e-con-boxed lakit-col-width-auto-no e-container e-root-container elementor-top-section e-con e-parent\" data-id=\"f6c7ae6\" data-element_type=\"container\">\n\t\t\t\t\t<div class=\"e-con-inner\">\n\t\t\t\t\t<\/div>\n\t\t\t\t<\/div>\n\t\t<div class=\"elementor-element elementor-element-2c2fcac e-flex e-con-boxed lakit-col-width-auto-no e-container e-root-container elementor-top-section e-con e-parent\" data-id=\"2c2fcac\" data-element_type=\"container\">\n\t\t\t\t\t<div class=\"e-con-inner\">\n\t\t\t\t\t<\/div>\n\t\t\t\t<\/div>\n\t\t<div class=\"elementor-element elementor-element-77f146a e-flex e-con-boxed lakit-col-width-auto-no e-container e-root-container elementor-top-section e-con e-parent\" data-id=\"77f146a\" data-element_type=\"container\" data-settings=\"{&quot;background_background&quot;:&quot;classic&quot;}\">\n\t\t\t\t\t<div class=\"e-con-inner\">\n\t\t\t\t<div class=\"elementor-element elementor-element-4e7943c elementor-widget elementor-widget-heading\" data-id=\"4e7943c\" data-element_type=\"widget\" data-widget_type=\"heading.default\">\n\t\t\t\t\t<h6 class=\"elementor-heading-title elementor-size-default\"><a href=\"https:\/\/groommistr.com\/?page_id=3\">Z\u00e1sady ochrany osobn\u00edch \u00fadaj\u016f<\/a><\/h6>\t\t\t\t<\/div>\n\t\t\t\t\t<\/div>\n\t\t\t\t<\/div>\n\t\t\t\t<\/div>\n\t\t","protected":false},"excerpt":{"rendered":"<p>\u00daVOD Sluzby Cenik Kontakt Z\u00e1sady ochrany osobn\u00edch \u00fadaj\u016f<\/p>\n","protected":false},"author":1,"featured_media":0,"parent":0,"menu_order":2,"comment_status":"closed","ping_status":"closed","template":"elementor_canvas","meta":{"footnotes":""},"class_list":["post-145","page","type-page","status-publish","hentry"],"_links":{"self":[{"href":"https:\/\/groommistr.com\/index.php?rest_route=\/wp\/v2\/pages\/145","targetHints":{"allow":["GET"]}}],"collection":[{"href":"https:\/\/groommistr.com\/index.php?rest_route=\/wp\/v2\/pages"}],"about":[{"href":"https:\/\/groommistr.com\/index.php?rest_route=\/wp\/v2\/types\/page"}],"author":[{"embeddable":true,"href":"https:\/\/groommistr.com\/index.php?rest_route=\/wp\/v2\/users\/1"}],"replies":[{"embeddable":true,"href":"https:\/\/groommistr.com\/index.php?rest_route=%2Fwp%2Fv2%2Fcomments&post=145"}],"version-history":[{"count":38,"href":"https:\/\/groommistr.com\/index.php?rest_route=\/wp\/v2\/pages\/145\/revisions"}],"predecessor-version":[{"id":524,"href":"https:\/\/groommistr.com\/index.php?rest_route=\/wp\/v2\/pages\/145\/revisions\/524"}],"wp:attachment":[{"href":"https:\/\/groommistr.com\/index.php?rest_route=%2Fwp%2Fv2%2Fmedia&parent=145"}],"curies":[{"name":"wp","href":"https:\/\/api.w.org\/{rel}","templated":true}]}}