{"id":279,"date":"2026-01-27T15:49:23","date_gmt":"2026-01-27T14:49:23","guid":{"rendered":"https:\/\/groommistr.com\/?page_id=279"},"modified":"2026-01-28T14:10:40","modified_gmt":"2026-01-28T13:10:40","slug":"sluzby","status":"publish","type":"page","link":"https:\/\/groommistr.com\/?page_id=279","title":{"rendered":"Sluzby"},"content":{"rendered":"\t\t<div data-elementor-type=\"wp-page\" data-elementor-id=\"279\" class=\"elementor elementor-279\">\n\t\t\t\t<div class=\"elementor-element elementor-element-a012c4f e-flex e-con-boxed lakit-col-width-auto-no e-container e-root-container elementor-top-section e-con e-parent\" data-id=\"a012c4f\" data-element_type=\"container\">\n\t\t\t\t\t<div class=\"e-con-inner\">\n\t\t\t\t<div class=\"elementor-element elementor-element-8a9f6ee lakit-nav-line-animation-none elementor-widget lastudio-kit elementor-lakit-nav-menu\" data-id=\"8a9f6ee\" data-element_type=\"widget\" data-widget_type=\"lakit-nav-menu.default\">\n\t\t\t\t\t<div class=\"lakit-nav-wrap lakit-nav-wrap-8a9f6ee\" data-effect=\"\" data-dlconfig=\"{&quot;backtext&quot;:&quot;&lt;span&gt;Back&lt;\\\/span&gt;&quot;,&quot;backicon&quot;:null,&quot;triggericon&quot;:&quot;&lt;i class=\\&quot;lastudioicon-right-arrow\\&quot;&gt;&lt;\\\/i&gt;&quot;}\"><div class=\"lakit-nav-menuwrap lakit-nav-menuwrap-8a9f6ee\"><div class=\"lakit-nav lakit-nav-8a9f6ee lakit-nav--horizontal\"><div class=\"menu-item menu-item-type-post_type menu-item-object-page menu-item-home lakit-nav-id-8a9f6ee lakit-nav__item--default lakit-nav__item-169 lakit-nav__item\"><a href=\"https:\/\/groommistr.com\/\" class=\"menu-item-link menu-item-link-depth-0 menu-item-link-top\"><span class=\"lakit-nav-link-inner\" style=\"\"><span class=\"lakit-nav-link-text\"><span class=\"menu-text\">\u00daVOD<\/span><\/span><\/span><\/a><\/div>\n<div class=\"menu-item menu-item-type-post_type menu-item-object-page lakit-nav-id-8a9f6ee lakit-nav__item--default lakit-nav__item-295 lakit-nav__item\"><a href=\"https:\/\/groommistr.com\/?page_id=279\" class=\"menu-item-link menu-item-link-depth-0 menu-item-link-top\"><span class=\"lakit-nav-link-inner\" style=\"\"><span class=\"lakit-nav-link-text\"><span class=\"menu-text\">Sluzby<\/span><\/span><\/span><\/a><\/div>\n<div class=\"menu-item menu-item-type-post_type menu-item-object-page lakit-nav-id-8a9f6ee lakit-nav__item--default lakit-nav__item-380 lakit-nav__item\"><a href=\"https:\/\/groommistr.com\/?page_id=374\" class=\"menu-item-link menu-item-link-depth-0 menu-item-link-top\"><span class=\"lakit-nav-link-inner\" style=\"\"><span class=\"lakit-nav-link-text\"><span class=\"menu-text\">Cenik<\/span><\/span><\/span><\/a><\/div>\n<div class=\"menu-item menu-item-type-post_type menu-item-object-page lakit-nav-id-8a9f6ee lakit-nav__item--default lakit-nav__item-186 lakit-nav__item\"><a href=\"https:\/\/groommistr.com\/?page_id=145\" class=\"menu-item-link menu-item-link-depth-0 menu-item-link-top\"><span class=\"lakit-nav-link-inner\" style=\"\"><span class=\"lakit-nav-link-text\"><span class=\"menu-text\">Kontakt<\/span><\/span><\/span><\/a><\/div>\n<\/div><\/div><\/div>\t\t\t\t<\/div>\n\t\t\t\t\t<\/div>\n\t\t\t\t<\/div>\n\t\t<div class=\"elementor-element elementor-element-8507923 e-flex e-con-boxed lakit-col-width-auto-no e-container e-root-container elementor-top-section e-con e-parent\" data-id=\"8507923\" data-element_type=\"container\">\n\t\t\t\t\t<div class=\"e-con-inner\">\n\t\t\t\t<div class=\"elementor-element elementor-element-4684fd4 elementor-widget elementor-widget-heading\" data-id=\"4684fd4\" data-element_type=\"widget\" data-widget_type=\"heading.default\">\n\t\t\t\t\t<h2 class=\"elementor-heading-title elementor-size-default\">NA\u0160E SLU\u017dBY<\/h2>\t\t\t\t<\/div>\n\t\t\t\t\t<\/div>\n\t\t\t\t<\/div>\n\t\t<div class=\"elementor-element elementor-element-a731d64 e-con-full e-flex lakit-col-width-auto-no e-container e-root-container elementor-top-section e-con e-parent\" data-id=\"a731d64\" data-element_type=\"container\">\n\t\t\t\t<\/div>\n\t\t<div class=\"elementor-element elementor-element-fe1d470 e-con-full e-flex lakit-col-width-auto-no e-container e-root-container elementor-top-section e-con e-parent\" data-id=\"fe1d470\" data-element_type=\"container\">\n\t\t\t\t<div class=\"elementor-element elementor-element-5e2d9a2 elementor-widget elementor-widget-image\" data-id=\"5e2d9a2\" data-element_type=\"widget\" data-widget_type=\"image.default\">\n\t\t\t\t\t\t\t\t\t\t\t\t\t\t\t<img fetchpriority=\"high\" decoding=\"async\" width=\"800\" height=\"343\" src=\"https:\/\/groommistr.com\/wp-content\/uploads\/2026\/01\/sluzby-1024x439.jpg\" class=\"attachment-large size-large wp-image-291\" alt=\"\" srcset=\"https:\/\/groommistr.com\/wp-content\/uploads\/2026\/01\/sluzby-1024x439.jpg 1024w, https:\/\/groommistr.com\/wp-content\/uploads\/2026\/01\/sluzby-300x129.jpg 300w, https:\/\/groommistr.com\/wp-content\/uploads\/2026\/01\/sluzby-768x329.jpg 768w, https:\/\/groommistr.com\/wp-content\/uploads\/2026\/01\/sluzby-1536x658.jpg 1536w, https:\/\/groommistr.com\/wp-content\/uploads\/2026\/01\/sluzby.jpg 1998w\" sizes=\"(max-width: 800px) 100vw, 800px\" \/>\t\t\t\t\t\t\t\t\t\t\t\t\t\t\t<\/div>\n\t\t\t\t<\/div>\n\t\t<div class=\"elementor-element elementor-element-29dba25 e-con-full e-flex lakit-col-width-auto-no e-container e-root-container elementor-top-section e-con e-parent\" data-id=\"29dba25\" data-element_type=\"container\">\n\t\t\t\t<\/div>\n\t\t<div class=\"elementor-element elementor-element-5e15f88 e-flex e-con-boxed lakit-col-width-auto-no e-container e-root-container elementor-top-section e-con e-parent\" data-id=\"5e15f88\" data-element_type=\"container\">\n\t\t\t\t\t<div class=\"e-con-inner\">\n\t\t<div class=\"elementor-element elementor-element-e483c56 e-grid e-con-full lakit-col-width-auto-no e-container e-con e-child\" data-id=\"e483c56\" data-element_type=\"container\">\n\t\t\t\t<div class=\"elementor-element elementor-element-5c6d48e elementor-widget elementor-widget-image\" data-id=\"5c6d48e\" data-element_type=\"widget\" data-widget_type=\"image.default\">\n\t\t\t\t\t\t\t\t\t\t\t\t\t\t\t<img decoding=\"async\" width=\"800\" height=\"576\" src=\"https:\/\/groommistr.com\/wp-content\/uploads\/2026\/01\/home2Combined_York1-1024x737.png\" class=\"attachment-large size-large wp-image-324\" alt=\"\" srcset=\"https:\/\/groommistr.com\/wp-content\/uploads\/2026\/01\/home2Combined_York1-1024x737.png 1024w, https:\/\/groommistr.com\/wp-content\/uploads\/2026\/01\/home2Combined_York1-300x216.png 300w, https:\/\/groommistr.com\/wp-content\/uploads\/2026\/01\/home2Combined_York1-768x553.png 768w, https:\/\/groommistr.com\/wp-content\/uploads\/2026\/01\/home2Combined_York1.png 1200w\" sizes=\"(max-width: 800px) 100vw, 800px\" \/>\t\t\t\t\t\t\t\t\t\t\t\t\t\t\t<\/div>\n\t\t\t\t<div class=\"elementor-element elementor-element-59f79a4 elementor-widget elementor-widget-heading\" data-id=\"59f79a4\" data-element_type=\"widget\" data-widget_type=\"heading.default\">\n\t\t\t\t\t<h2 class=\"elementor-heading-title elementor-size-default\"><h1 class=\"wb-stl-heading1\" style=\"font-weight: bold;font-size: 43px;line-height: 53px;font-family: Georgia, serif;margin: 0px;padding: 0px;text-transform: capitalize\">St\u00ed\u0159h\u00e1n\u00ed<\/h1><p style=\"margin-right: 0px;margin-bottom: 0px;margin-left: 0px;font-weight: 400;font-size: 17px;line-height: 22px;, sans-serif;padding: 0px\">St\u0159\u00edh\u00e1n\u00edm upravuj\u00ed se p\u0159edev\u0161\u00edm dlouhosrst\u00e1 plemena, jejich\u017e srst nem\u00e1 podsadu a roste prakticky nep\u0159etr\u017eit\u011b, proto je vhodn\u00e9 je st\u0159\u00edhat. Psy, kter\u00e9 je vhodn\u00e9 (dokonce nutn\u00e9) st\u0159\u00edhat, jsou plemena s kudrnatou srst\u00ed \u2013 nap\u0159. pudl, kerry blue teri\u00e9r \u010di bi\u0161onek, , jinak jim p\u0159er\u016fstaj\u00edc\u00ed srst p\u016fsob\u00ed probl\u00e9my.&nbsp;<\/p><p style=\"margin-right: 0px;margin-bottom: 0px;margin-left: 0px;font-weight: 400;font-size: 17px;line-height: 22px;, sans-serif;padding: 0px\">&nbsp;<br>Hedv\u00e1bn\u00e1 srst m\u00e1 mal\u00e9 \u010di minim\u00e1ln\u00ed mno\u017estv\u00ed podsady a strukturou je velmi podobn\u00e1 vlas\u016fm. Jejich\u017e srst se st\u0159\u00edh\u00e1 pravideln\u011b, nejen proto, \u017ee si to standard plemene \u017e\u00e1d\u00e1, ale tak\u00e9 proto, \u017ee je to d\u00edky vlasov\u00e9 struktu\u0159e jejich srsti mo\u017en\u00e9.Maj\u00ed ji nap\u0159\u00edklad jork\u0161\u00edr\u0161t\u00ed teri\u00e9\u0159i, malt\u00e9z\u00e1\u010dci \u010di shi-tzu. B\u011b\u017en\u011b se udr\u017euje r\u016fzn\u00fdmi typy st\u0159ih\u016f.<\/p><p style=\"margin-right: 0px;margin-bottom: 0px;margin-left: 0px;font-weight: 400;font-size: 17px;line-height: 22px;, sans-serif;padding: 0px\"><br>M\u00e1te pejska s dlouhou srst\u00ed, kterou je t\u0159eba pravideln\u011b st\u0159\u00edhat? Chcete, aby V\u00e1\u0161 pejsek vypadal p\u011bkn\u011b? Objednejte ho do na\u0161eho ps\u00edho sal\u00f3nu\u2026<\/p><br><\/h2>\t\t\t\t<\/div>\n\t\t\t\t<div class=\"elementor-element elementor-element-b9bf98e elementor-widget elementor-widget-heading\" data-id=\"b9bf98e\" data-element_type=\"widget\" data-widget_type=\"heading.default\">\n\t\t\t\t\t<h2 class=\"elementor-heading-title elementor-size-default\"><h1 class=\"wb-stl-heading1\" style=\"font-weight: bold;font-size: 43px;line-height: 53px;font-family: Georgia, serif;margin: 0px;text-align: right;padding: 0px;text-transform: capitalize\">Trimov\u00e1n\u00ed<\/h1><br><p class=\"wb-stl-custom2\" style=\"margin-right: 0px;margin-bottom: 0px;margin-left: 0px;font-weight: 400;font-size: 17px;line-height: 22px;, sans-serif;text-align: right;padding: 0px\">Trimov\u00e1n\u00ed&nbsp;je speci\u00e1ln\u00ed \u00faprava srsti hrubosrst\u00fdch plemen&nbsp;ps\u016f. Spo\u010d\u00edv\u00e1 ve vytrh\u00e1v\u00e1n\u00ed odum\u0159el\u00e9&nbsp;srsti&nbsp;(v\u010detn\u011b ko\u0159\u00ednk\u016f), kter\u00e1 sama nevypad\u00e1 \u2013 spr\u00e1vn\u011b trimovan\u00ed psi nel\u00ednaj\u00ed.<\/p><span style=\", sans-serif;font-size: 17px;font-weight: 400;text-align: right\">D\u00edky trimov\u00e1n\u00ed srst hrubne a st\u00e1v\u00e1 se odoln\u011bj\u0161\u00ed v\u016f\u010di vliv\u016fm okol\u00ed. Pokud se hrubosrst\u00e9 plemeno ost\u0159\u00edh\u00e1, tj. nedoch\u00e1z\u00ed k v\u00fdm\u011bn\u011b&nbsp;chlup\u016f, jeho srst plstnat\u00ed a ztr\u00e1c\u00ed svou ochrannou funkci.<\/span><\/h2>\t\t\t\t<\/div>\n\t\t\t\t<div class=\"elementor-element elementor-element-3691b99 elementor-widget elementor-widget-image\" data-id=\"3691b99\" data-element_type=\"widget\" data-widget_type=\"image.default\">\n\t\t\t\t\t\t\t\t\t\t\t\t\t\t\t<img decoding=\"async\" width=\"800\" height=\"576\" src=\"https:\/\/groommistr.com\/wp-content\/uploads\/2026\/01\/home2Combined_jack_vyst-1024x737.png\" class=\"attachment-large size-large wp-image-328\" alt=\"\" srcset=\"https:\/\/groommistr.com\/wp-content\/uploads\/2026\/01\/home2Combined_jack_vyst-1024x737.png 1024w, https:\/\/groommistr.com\/wp-content\/uploads\/2026\/01\/home2Combined_jack_vyst-300x216.png 300w, https:\/\/groommistr.com\/wp-content\/uploads\/2026\/01\/home2Combined_jack_vyst-768x553.png 768w, https:\/\/groommistr.com\/wp-content\/uploads\/2026\/01\/home2Combined_jack_vyst.png 1200w\" sizes=\"(max-width: 800px) 100vw, 800px\" \/>\t\t\t\t\t\t\t\t\t\t\t\t\t\t\t<\/div>\n\t\t\t\t<div class=\"elementor-element elementor-element-1b56ae9 elementor-widget elementor-widget-image\" data-id=\"1b56ae9\" data-element_type=\"widget\" data-widget_type=\"image.default\">\n\t\t\t\t\t\t\t\t\t\t\t\t\t\t\t<img loading=\"lazy\" decoding=\"async\" width=\"800\" height=\"576\" src=\"https:\/\/groommistr.com\/wp-content\/uploads\/2026\/01\/home2Combined_kollie_merle-1024x737.png\" class=\"attachment-large size-large wp-image-332\" alt=\"\" srcset=\"https:\/\/groommistr.com\/wp-content\/uploads\/2026\/01\/home2Combined_kollie_merle-1024x737.png 1024w, https:\/\/groommistr.com\/wp-content\/uploads\/2026\/01\/home2Combined_kollie_merle-300x216.png 300w, https:\/\/groommistr.com\/wp-content\/uploads\/2026\/01\/home2Combined_kollie_merle-768x553.png 768w, https:\/\/groommistr.com\/wp-content\/uploads\/2026\/01\/home2Combined_kollie_merle.png 1200w\" sizes=\"(max-width: 800px) 100vw, 800px\" \/>\t\t\t\t\t\t\t\t\t\t\t\t\t\t\t<\/div>\n\t\t\t\t<div class=\"elementor-element elementor-element-7bff271 elementor-widget elementor-widget-heading\" data-id=\"7bff271\" data-element_type=\"widget\" data-widget_type=\"heading.default\">\n\t\t\t\t\t<h2 class=\"elementor-heading-title elementor-size-default\"><h1 style=\"font-weight: bold;font-size: 43px;line-height: 53px;font-family: Georgia, serif;margin: 0px;padding: 0px;text-transform: capitalize\">Stripping<\/h1><span style=\"font-family: Arial, Helvetica, sans-serif;font-size: 17px;font-weight: 400\">STRIPPING (um\u011bl\u00e9 l\u00edn\u00e1n\u00ed)<\/span><br><span style=\", sans-serif;font-size: 17px;font-weight: 400\">- je odstran\u011bn\u00ed star\u00e9 srsti - v\u011bt\u0161inou odum\u0159el\u00e9 podsady Ka\u017ed\u00e1 srst pot\u0159ebuje ur\u010dit\u00fd zp\u016fsob \u00fapravy. L\u00ednaj\u00edc\u00ed srst nikdy nest\u0159\u00edhejte strojkem! V\u017edy pou\u017e\u00edvejte STRIPPING. Tento zp\u016fsob p\u00e9\u010de o srst a m\u00e1 \u00fa\u017easn\u00e9 v\u00fdsledky. Doporu\u010dujeme zvl\u00e1\u0161t\u011b pro ov\u010d\u00e1ky, \u010divavy, retrievery, \u0161pan\u011bly, a plemena s podobn\u00fdm typem srsti.<\/span><\/h2>\t\t\t\t<\/div>\n\t\t\t\t<div class=\"elementor-element elementor-element-0f3ed80 elementor-widget elementor-widget-heading\" data-id=\"0f3ed80\" data-element_type=\"widget\" data-widget_type=\"heading.default\">\n\t\t\t\t\t<h2 class=\"elementor-heading-title elementor-size-default\"><h1 style=\"font-weight: bold;font-size: 43px;line-height: 53px;font-family: Georgia, serif;margin: 0px;text-align: right;padding: 0px;text-transform: capitalize\">\u00daprava ko\u010dek<\/h1><p style=\"margin-right: 0px;margin-bottom: 0px;margin-left: 0px;font-weight: 400;font-size: 17px;line-height: 22px;, sans-serif;text-align: justify;padding: 0px\"><strong style=\"font-weight: bold\">Pracujeme s ko\u010dkami bez sedace, nepou\u017e\u00edv\u00e1me \u017e\u00e1dn\u00e9 zklid\u0148uj\u00edc\u00ed p\u0159\u00edpravky<\/strong>, jen na\u0161e um\u011bn\u00ed pom\u00e1h\u00e1 n\u00e1m zvl\u00e1dat ko\u010dky.<\/p><span style=\", sans-serif;font-size: 17px;font-weight: 400;text-align: justify\">Jestli V\u00e1\u0161a ko\u010dka pot\u0159ebuj\u00ed se zklidnit, obra\u0165te se p\u0159edem na va\u0161eho veterin\u00e1\u0159e, a\u0165 on v\u00e1m zajist\u00ed n\u011bco na zklidn\u011bn\u00ed. &nbsp;Groomer pro zv\u00ed\u0159ata v salon\u011b &nbsp;zadn\u00ed zklid\u0148uj\u00edc\u00ed p\u0159\u00edpravky nesm\u00ed pou\u017e\u00edvat!<\/span><br><p class=\"wb-stl-custom2\" style=\"margin-right: 0px;margin-bottom: 0px;margin-left: 0px;font-weight: 400;font-size: 17px;line-height: 22px;, sans-serif;text-align: right;padding: 0px\"><strong style=\"font-weight: bold\">Slu\u017eby pro ko\u010dky:<\/strong><\/p><p class=\"wb-stl-custom2\" style=\"margin-right: 0px;margin-bottom: 0px;margin-left: 0px;font-weight: 400;font-size: 17px;line-height: 22px;, sans-serif;text-align: right;padding: 0px\">Vy\u010des\u00e1v\u00e1n\u00ed<\/p><p class=\"wb-stl-custom2\" style=\"margin-right: 0px;margin-bottom: 0px;margin-left: 0px;font-weight: 400;font-size: 17px;line-height: 22px;, sans-serif;text-align: right;padding: 0px\">Koup\u00e1n\u00ed<\/p><p class=\"wb-stl-custom2\" style=\"margin-right: 0px;margin-bottom: 0px;margin-left: 0px;font-weight: 400;font-size: 17px;line-height: 22px;, sans-serif;text-align: right;padding: 0px\">St\u0159\u00edh\u00e1n\u00ed ko\u010dek<\/p><p class=\"wb-stl-custom2\" style=\"margin-right: 0px;margin-bottom: 0px;margin-left: 0px;font-weight: 400;font-size: 17px;line-height: 22px;, sans-serif;text-align: right;padding: 0px\">Stripping&nbsp;ko\u010dek<\/p><p class=\"wb-stl-custom2\" style=\"margin-right: 0px;margin-bottom: 0px;margin-left: 0px;font-weight: 400;font-size: 17px;line-height: 22px;, sans-serif;text-align: right;padding: 0px\">V\u00fdstavn\u00ed \u00faprava&nbsp;ko\u010dek<\/p><p class=\"wb-stl-custom2\" style=\"margin-right: 0px;margin-bottom: 0px;margin-left: 0px;font-weight: 400;font-size: 17px;line-height: 22px;, sans-serif;text-align: right;padding: 0px\">St\u0159\u00edh\u00e1n\u00ed dr\u00e1pk\u016f<\/p><p class=\"wb-stl-custom2\" style=\"margin-right: 0px;margin-bottom: 0px;margin-left: 0px;font-weight: 400;font-size: 17px;line-height: 22px;, sans-serif;text-align: right;padding: 0px\">\u010ci\u0161t\u011bn\u00ed u\u0161\u00ed<\/p><p class=\"wb-stl-custom2\" style=\"margin-right: 0px;margin-bottom: 0px;margin-left: 0px;font-weight: 400;font-size: 17px;line-height: 22px;, sans-serif;text-align: right;padding: 0px\">\u010ci\u0161t\u011bn\u00ed an\u00e1ln\u00edch \u017el\u00e1z<\/p><\/h2>\t\t\t\t<\/div>\n\t\t\t\t<div class=\"elementor-element elementor-element-ff86ecd elementor-widget elementor-widget-image\" data-id=\"ff86ecd\" data-element_type=\"widget\" data-widget_type=\"image.default\">\n\t\t\t\t\t\t\t\t\t\t\t\t\t\t\t<img loading=\"lazy\" decoding=\"async\" width=\"800\" height=\"576\" src=\"https:\/\/groommistr.com\/wp-content\/uploads\/2026\/01\/home2Combined_kocka_Gven-1024x737.png\" class=\"attachment-large size-large wp-image-346\" alt=\"\" srcset=\"https:\/\/groommistr.com\/wp-content\/uploads\/2026\/01\/home2Combined_kocka_Gven-1024x737.png 1024w, https:\/\/groommistr.com\/wp-content\/uploads\/2026\/01\/home2Combined_kocka_Gven-300x216.png 300w, https:\/\/groommistr.com\/wp-content\/uploads\/2026\/01\/home2Combined_kocka_Gven-768x553.png 768w, https:\/\/groommistr.com\/wp-content\/uploads\/2026\/01\/home2Combined_kocka_Gven.png 1200w\" sizes=\"(max-width: 800px) 100vw, 800px\" \/>\t\t\t\t\t\t\t\t\t\t\t\t\t\t\t<\/div>\n\t\t\t\t<\/div>\n\t\t\t\t\t<\/div>\n\t\t\t\t<\/div>\n\t\t<div class=\"elementor-element elementor-element-49593eb e-flex e-con-boxed lakit-col-width-auto-no e-container e-root-container elementor-top-section e-con e-parent\" data-id=\"49593eb\" data-element_type=\"container\">\n\t\t\t\t\t<div class=\"e-con-inner\">\n\t\t\t\t<div class=\"elementor-element elementor-element-6536a1d elementor-widget elementor-widget-heading\" data-id=\"6536a1d\" data-element_type=\"widget\" data-widget_type=\"heading.default\">\n\t\t\t\t\t<h2 class=\"elementor-heading-title elementor-size-default\"><p class=\"wb-stl-custom2\" style=\"margin-right: 0px;margin-bottom: 0px;margin-left: 0px;font-weight: 400;font-size: 17px;line-height: 22px;, sans-serif;text-align: justify;padding: 0px\"><strong style=\"font-weight: bold\">Pro\u010d st\u0159\u00edhat ko\u010dku?<\/strong><\/p><p class=\"wb-stl-custom2\" style=\"margin-right: 0px;margin-bottom: 0px;margin-left: 0px;font-weight: 400;font-size: 17px;line-height: 22px;, sans-serif;text-align: justify;padding: 0px\">Hlavn\u00ed d\u016fvod pro st\u0159\u00edh\u00e1n\u00ed je - p\u00e1n\u00ed\u010dek nezvl\u00e1d\u00e1 \u010des\u00e1n\u00ed ko\u010dky, a srst ko\u010dky se &nbsp;za\u010duch\u00e1v\u00e1, plstnat\u00ed, ob\u010das srst zadred\u00e1v\u00e1 tak moc, \u017ee ji u\u017e ned\u00e1 roz\u010desat.<br>V tomto p\u0159\u00edpad\u011b lep\u0161\u00ed bude ost\u0159\u00edhat ko\u010dku, co\u017e znamen\u00e1 celkem vyholit nakr\u00e1tko.&nbsp;Z\u016fst\u00e1v\u00e1 pouze hlava, konce tlapek a&nbsp;ocasu.<\/p><p class=\"wb-stl-custom2\" style=\"margin-right: 0px;margin-bottom: 0px;margin-left: 0px;font-weight: 400;font-size: 17px;line-height: 22px;, sans-serif;text-align: justify;padding: 0px\"><br>Dal\u0161\u00edm d\u016fvodem je&nbsp;<strong style=\"font-weight: bold\">l\u00edn\u00e1n\u00ed<\/strong>.<\/p><p class=\"wb-stl-custom2\" style=\"margin-right: 0px;margin-bottom: 0px;margin-left: 0px;font-weight: 400;font-size: 17px;line-height: 22px;, sans-serif;text-align: justify;padding: 0px\">Proti l\u00edn\u00e1n\u00ed tak\u00e9 funguj\u00ed na\u0161e slu\u017eba&nbsp;<strong style=\"font-weight: bold\">\"Stripping\"<\/strong>&nbsp;nebo&nbsp;<strong style=\"font-weight: bold\">\"Expresn\u00ed L\u00edn\u00e1n\u00ed\"<\/strong>&nbsp;ko\u010dek. Ale b\u00fdv\u00e1 tak, \u017ee majitel \u00fapln\u011b nesn\u00e1\u0161\u00ed l\u00ednaj\u00edc\u00ed srst nebo n\u011bkdo v rodin\u011b m\u00e1 alergie. V tomto p\u0159\u00edpad\u011b lze tak\u00e9 tu ko\u010dku ost\u0159\u00edhat, ko\u010dky ne n\u00e1chyln\u00ed k alopecie, tak\u017ee st\u0159\u00edh\u00e1n\u00ed p\u0159o n\u00ed docela bezpe\u010dn\u00e9. Jen mus\u00edte se pamatovat, \u017ee srst ko\u010dky se po ost\u0159\u00edh\u00e1n\u00ed m\u011bn\u00ed, st\u00e1vaj\u00ed m\u011bk\u010d\u00ed, vatovejsi, ztr\u00e1cej\u00ed tvrd\u00fd kryc\u00ed chlup a m\u016f\u017ee zm\u011bnit i barvu.&nbsp;<br>Jestli v\u00e1m ty zm\u011bny nevad\u00ed, m\u016f\u017eete ko\u010dku ost\u0159\u00edhat. Jinak vyberte jinou slu\u017ebu -&nbsp;<strong style=\"font-weight: bold\">Vy\u010des\u00e1v\u00e1n\u00ed<\/strong>&nbsp;nebo&nbsp;<strong style=\"font-weight: bold\">Expresn\u00ed &nbsp;L\u00edn\u00e1n\u00ed<\/strong>&nbsp;ko\u010dky.<\/p><\/h2>\t\t\t\t<\/div>\n\t\t\t\t\t<\/div>\n\t\t\t\t<\/div>\n\t\t<div class=\"elementor-element elementor-element-75d3778 e-flex e-con-boxed lakit-col-width-auto-no e-container e-root-container elementor-top-section e-con e-parent\" data-id=\"75d3778\" data-element_type=\"container\">\n\t\t\t\t\t<div class=\"e-con-inner\">\n\t\t\t\t\t<\/div>\n\t\t\t\t<\/div>\n\t\t<div class=\"elementor-element elementor-element-7226a15 e-con-full e-flex lakit-col-width-auto-no e-container e-root-container elementor-top-section e-con e-parent\" data-id=\"7226a15\" data-element_type=\"container\">\n\t\t<div class=\"elementor-element elementor-element-e40a2ef e-flex e-con-boxed lakit-col-width-auto-no e-container e-con e-child\" data-id=\"e40a2ef\" data-element_type=\"container\" data-settings=\"{&quot;background_background&quot;:&quot;classic&quot;}\">\n\t\t\t\t\t<div class=\"e-con-inner\">\n\t\t\t\t<div class=\"elementor-element elementor-element-5f594bb elementor-widget elementor-widget-heading\" data-id=\"5f594bb\" data-element_type=\"widget\" data-widget_type=\"heading.default\">\n\t\t\t\t\t<h6 class=\"elementor-heading-title elementor-size-default\"><a href=\"https:\/\/groommistr.com\/?page_id=3\">Z\u00e1sady ochrany osobn\u00edch \u00fadaj\u016f<\/a><\/h6>\t\t\t\t<\/div>\n\t\t\t\t\t<\/div>\n\t\t\t\t<\/div>\n\t\t\t\t<\/div>\n\t\t\t\t<\/div>\n\t\t","protected":false},"excerpt":{"rendered":"<p>\u00daVOD Sluzby Cenik Kontakt NA\u0160E SLU\u017dBY St\u00ed\u0159h\u00e1n\u00ed St\u0159\u00edh\u00e1n\u00edm upravuj\u00ed se p\u0159edev\u0161\u00edm dlouhosrst\u00e1 plemena, jejich\u017e srst nem\u00e1 podsadu a roste prakticky nep\u0159etr\u017eit\u011b, proto je vhodn\u00e9 je st\u0159\u00edhat. Psy, kter\u00e9 je vhodn\u00e9 (dokonce nutn\u00e9) st\u0159\u00edhat, jsou plemena s kudrnatou srst\u00ed \u2013 nap\u0159. pudl, kerry blue teri\u00e9r \u010di bi\u0161onek, , jinak jim p\u0159er\u016fstaj\u00edc\u00ed srst p\u016fsob\u00ed probl\u00e9my.&nbsp; &nbsp;Hedv\u00e1bn\u00e1 srst [&hellip;]<\/p>\n","protected":false},"author":1,"featured_media":0,"parent":0,"menu_order":0,"comment_status":"closed","ping_status":"closed","template":"elementor_canvas","meta":{"footnotes":""},"class_list":["post-279","page","type-page","status-publish","hentry"],"_links":{"self":[{"href":"https:\/\/groommistr.com\/index.php?rest_route=\/wp\/v2\/pages\/279","targetHints":{"allow":["GET"]}}],"collection":[{"href":"https:\/\/groommistr.com\/index.php?rest_route=\/wp\/v2\/pages"}],"about":[{"href":"https:\/\/groommistr.com\/index.php?rest_route=\/wp\/v2\/types\/page"}],"author":[{"embeddable":true,"href":"https:\/\/groommistr.com\/index.php?rest_route=\/wp\/v2\/users\/1"}],"replies":[{"embeddable":true,"href":"https:\/\/groommistr.com\/index.php?rest_route=%2Fwp%2Fv2%2Fcomments&post=279"}],"version-history":[{"count":59,"href":"https:\/\/groommistr.com\/index.php?rest_route=\/wp\/v2\/pages\/279\/revisions"}],"predecessor-version":[{"id":387,"href":"https:\/\/groommistr.com\/index.php?rest_route=\/wp\/v2\/pages\/279\/revisions\/387"}],"wp:attachment":[{"href":"https:\/\/groommistr.com\/index.php?rest_route=%2Fwp%2Fv2%2Fmedia&parent=279"}],"curies":[{"name":"wp","href":"https:\/\/api.w.org\/{rel}","templated":true}]}}