{"id":3,"date":"2020-02-08T14:17:07","date_gmt":"2020-02-08T13:17:07","guid":{"rendered":"http:\/\/groommistr.com\/?page_id=3"},"modified":"2026-01-24T15:45:05","modified_gmt":"2026-01-24T14:45:05","slug":"ochrana-osobnich-udaju","status":"publish","type":"page","link":"https:\/\/groommistr.com\/?page_id=3","title":{"rendered":"Z\u00e1sady ochrany osobn\u00edch \u00fadaj\u016f"},"content":{"rendered":"\t\t<div data-elementor-type=\"wp-page\" data-elementor-id=\"3\" class=\"elementor elementor-3\">\n\t\t\t\t<div class=\"elementor-element elementor-element-f68451 e-flex e-con-boxed lakit-col-width-auto-no e-container e-root-container elementor-top-section e-con e-parent\" data-id=\"f68451\" data-element_type=\"container\">\n\t\t\t\t\t<div class=\"e-con-inner\">\n\t\t\t\t<div class=\"elementor-element elementor-element-5bbf01f elementor-widget elementor-widget-text-editor\" data-id=\"5bbf01f\" data-element_type=\"widget\" data-widget_type=\"text-editor.default\">\n\t\t\t\t\t\t\t\t\t<h2 style=\"border: 0px; font-size: 2.66667rem; margin: 0px 0px 20px; outline: 0px; padding: 0px; vertical-align: baseline; clear: both; color: #202714; line-height: 1.3em; font-family: 'Suez One', sans-serif;\">Spr\u00e1vce osobn\u00edch \u00fadaj\u016f<\/h2>\n<p style=\"border: 0px; font-size: 17px; margin-right: 0px; margin-bottom: 1em; margin-left: 0px; outline: 0px; padding: 0px; vertical-align: baseline; color: #5a5a5a; font-family: Lato, sans-serif;\">Spr\u00e1vcem osobn\u00edch \u00fadaj\u016f a osobou zodpov\u011bdnou za jejich ochranu je&nbsp; Elena Chaplygina, Kol\u010davka 75\/3, Libe\u0148, 190 00 Praha 9, I\u010c: 05501369, Telefon: +420 776 155 530, e-mail: terraneola@seznam.cz<\/p>\n<h2 style=\"border: 0px; font-size: 2.66667rem; margin: 0px 0px 20px; outline: 0px; padding: 0px; vertical-align: baseline; clear: both; color: #202714; line-height: 1.3em; font-family: 'Suez One', sans-serif;\">\u00da\u010dely zpracov\u00e1n\u00ed<\/h2>\n<p style=\"border: 0px; font-size: 17px; margin-right: 0px; margin-bottom: 1em; margin-left: 0px; outline: 0px; padding: 0px; vertical-align: baseline; color: #5a5a5a; font-family: Lato, sans-serif;\">Va\u0161e osobn\u00ed \u00fadaje zpracov\u00e1v\u00e1me pro&nbsp; n\u00e1sleduj\u00edc\u00ed \u00fa\u010dely:<\/p>\n<ul style=\"font-size: 17px; margin-right: 0px; margin-bottom: 1.5em; margin-left: 3em; padding: 0px; list-style-position: initial; list-style-image: initial; color: #5a5a5a; font-family: Lato, sans-serif; background-color: #ffffff;\">\n<li style=\"font-size: 17px; font-style: inherit; font-weight: inherit; margin-right: 0px; margin-left: 0px; padding: 0px;\">zodpov\u011bzen\u00ed va\u0161ich dotaz\u016f pomoc\u00ed kontaktn\u00edho formul\u00e1\u0159e<\/li>\n<\/ul>\n<h2 style=\"border: 0px; font-size: 2.66667rem; margin: 0px 0px 20px; outline: 0px; padding: 0px; vertical-align: baseline; clear: both; color: #202714; line-height: 1.3em; font-family: 'Suez One', sans-serif;\">Rozsah zpracov\u00e1van\u00fdch \u00fadaj\u016f<\/h2>\n<p style=\"border: 0px; font-size: 17px; margin-right: 0px; margin-bottom: 1em; margin-left: 0px; outline: 0px; padding: 0px; vertical-align: baseline; color: #5a5a5a; font-family: Lato, sans-serif;\">Zpracov\u00e1v\u00e1me jen nezbytn\u011b nutn\u00e9 \u00fadaje, abychom v\u00e1m mohli nab\u00eddnout kvalitn\u00ed zbo\u017e\u00ed a slu\u017eby na m\u00edru.<\/p>\n<ul style=\"font-size: 17px; margin-right: 0px; margin-bottom: 1.5em; margin-left: 3em; padding: 0px; list-style-position: initial; list-style-image: initial; color: #5a5a5a; font-family: Lato, sans-serif; background-color: #ffffff;\">\n<li style=\"font-size: 17px; font-style: inherit; font-weight: inherit; margin-right: 0px; margin-left: 0px; padding: 0px;\">Jm\u00e9no a p\u0159\u00edjmen\u00ed<\/li>\n<li style=\"font-size: 17px; font-style: inherit; font-weight: inherit; margin-right: 0px; margin-left: 0px; padding: 0px;\">Telefonn\u00ed \u010d\u00edslo<\/li>\n<li style=\"font-size: 17px; font-style: inherit; font-weight: inherit; margin-right: 0px; margin-left: 0px; padding: 0px;\">E-mailov\u00e1 adresa<\/li>\n<li style=\"font-size: 17px; font-style: inherit; font-weight: inherit; margin-right: 0px; margin-left: 0px; padding: 0px;\">Historie nav\u0161t\u00edven\u00fdch str\u00e1nek na webu<\/li>\n<\/ul>\n<h2 style=\"border: 0px; font-size: 2.66667rem; margin: 0px 0px 20px; outline: 0px; padding: 0px; vertical-align: baseline; clear: both; color: #202714; line-height: 1.3em; font-family: 'Suez One', sans-serif;\">P\u0159\u00edjemci zpracov\u00e1van\u00fdch \u00fadaj\u016f<\/h2>\n<p style=\"border: 0px; font-size: 17px; margin-right: 0px; margin-bottom: 1em; margin-left: 0px; outline: 0px; padding: 0px; vertical-align: baseline; color: #5a5a5a; font-family: Lato, sans-serif;\">Abychom v\u00e1m mohli nab\u00edzet ten nejlep\u0161\u00ed obsah p\u0159esn\u011b na m\u00edru, pou\u017e\u00edv\u00e1me kvalitn\u00ed n\u00e1stroje t\u0159et\u00edch stran. Tyto n\u00e1stroje n\u011bkter\u00e9 va\u0161e osobn\u00ed \u00fadaje zpracov\u00e1vaj\u00ed \u2013 ale v\u00fdhradn\u011b za \u00fa\u010delem c\u00edlen\u00e9ho osloven\u00ed nebo pro zlep\u0161en\u00ed kvality na\u0161ich slu\u017eeb. Jsou to tyto n\u00e1stroje:<\/p>\n<ul style=\"font-size: 17px; margin-right: 0px; margin-bottom: 1.5em; margin-left: 3em; padding: 0px; list-style-position: initial; list-style-image: initial; color: #5a5a5a; font-family: Lato, sans-serif; background-color: #ffffff;\">\n<li style=\"font-size: 17px; font-style: inherit; font-weight: inherit; margin-right: 0px; margin-left: 0px; padding: 0px;\">Google: Anal\u00fdza chov\u00e1n\u00ed na webu<\/li>\n<\/ul>\n<h2 style=\"border: 0px; font-size: 2.66667rem; margin: 0px 0px 20px; outline: 0px; padding: 0px; vertical-align: baseline; clear: both; color: #202714; line-height: 1.3em; font-family: 'Suez One', sans-serif;\">Doba ulo\u017een\u00fdch osobn\u00edch \u00fadaj\u016f<\/h2>\n<p style=\"border: 0px; font-size: 17px; margin-right: 0px; margin-bottom: 1em; margin-left: 0px; outline: 0px; padding: 0px; vertical-align: baseline; color: #5a5a5a; font-family: Lato, sans-serif;\">Va\u0161e osobn\u00ed \u00fadaje zpracov\u00e1v\u00e1me pouze po nezbytn\u011b nutnou dobu, kter\u00e1 se li\u0161\u00ed podle \u00fa\u010del\u016f zpracov\u00e1n\u00ed:<\/p>\n<ul style=\"font-size: 17px; margin-right: 0px; margin-bottom: 1.5em; margin-left: 3em; padding: 0px; list-style-position: initial; list-style-image: initial; color: #5a5a5a; font-family: Lato, sans-serif; background-color: #ffffff;\">\n<li style=\"font-size: 17px; font-style: inherit; font-weight: inherit; margin-right: 0px; margin-left: 0px; padding: 0px;\">Data z kontaktn\u00edho formul\u00e1\u0159e: 5 let<\/li>\n<\/ul>\n<h2 style=\"border: 0px; font-size: 2.66667rem; margin: 0px 0px 20px; outline: 0px; padding: 0px; vertical-align: baseline; clear: both; color: #202714; line-height: 1.3em; font-family: 'Suez One', sans-serif;\">Tyto webov\u00e9 str\u00e1nky pou\u017e\u00edvaj\u00ed slu\u017eby<\/h2>\n<p style=\"border: 0px; font-size: 17px; margin-right: 0px; margin-bottom: 1em; margin-left: 0px; outline: 0px; padding: 0px; vertical-align: baseline; color: #5a5a5a; font-family: Lato, sans-serif;\">Google Analytics, co\u017e je webov\u00e1 analytick\u00e1 slu\u017eba spole\u010dnosti Google Inc. Kompletn\u00ed informace o zpracov\u00e1n\u00ed va\u0161ich osobn\u00edch \u00fadaj\u016f najdete zde: https:\/\/support.google.com\/analytics\/answer\/6004245<\/p>\n<p><!-- \/wp:heading --><!-- wp:heading {\"level\":3} --><\/p>\n<h2 style=\"border: 0px; font-size: 2.66667rem; margin: 0px 0px 20px; outline: 0px; padding: 0px; vertical-align: baseline; clear: both; color: #202714; line-height: 1.3em; font-family: 'Suez One', sans-serif;\">Va\u0161e pr\u00e1va<\/h2>\n<p style=\"border: 0px; font-size: 17px; margin-right: 0px; margin-bottom: 1em; margin-left: 0px; outline: 0px; padding: 0px; vertical-align: baseline; color: #5a5a5a; font-family: Lato, sans-serif;\">Va\u0161e osobn\u00ed \u00fadaje jsou citliv\u00e9 informace a m\u00e1te pr\u00e1vo v\u011bd\u011bt, jak s nimi nakl\u00e1d\u00e1me. Nev\u00e1hejte se na n\u00e1s kdykoliv obr\u00e1tit, pokud budete pot\u0159ebovat:<\/p>\n<ul style=\"font-size: 17px; margin-right: 0px; margin-bottom: 1.5em; margin-left: 3em; padding: 0px; list-style-position: initial; list-style-image: initial; color: #5a5a5a; font-family: Lato, sans-serif; background-color: #ffffff;\">\n<li style=\"font-size: 17px; font-style: inherit; font-weight: inherit; margin-right: 0px; margin-left: 0px; padding: 0px;\">z\u00edskat opis va\u0161ich osobn\u00edch \u00fadaj\u016f<\/li>\n<li style=\"font-size: 17px; font-style: inherit; font-weight: inherit; margin-right: 0px; margin-left: 0px; padding: 0px;\">opravit va\u0161e osobn\u00ed \u00fadaje<\/li>\n<li style=\"font-size: 17px; font-style: inherit; font-weight: inherit; margin-right: 0px; margin-left: 0px; padding: 0px;\">vymazat va\u0161e osobn\u00ed \u00fadaje<\/li>\n<li style=\"font-size: 17px; font-style: inherit; font-weight: inherit; margin-right: 0px; margin-left: 0px; padding: 0px;\">omezit zpracov\u00e1n\u00ed va\u0161ich osobn\u00edch \u00fadaj\u016f<\/li>\n<li style=\"font-size: 17px; font-style: inherit; font-weight: inherit; margin-right: 0px; margin-left: 0px; padding: 0px;\">odvolat souhlas se zpracov\u00e1n\u00edm va\u0161ich osobn\u00edch \u00fadaj\u016f<\/li>\n<li style=\"font-size: 17px; font-style: inherit; font-weight: inherit; margin-right: 0px; margin-left: 0px; padding: 0px;\">vzn\u00e9st n\u00e1mitku<\/li>\n<li style=\"font-size: 17px; font-style: inherit; font-weight: inherit; margin-right: 0px; margin-left: 0px; padding: 0px;\">podat st\u00ed\u017enost<\/li>\n<\/ul>\n<h2 style=\"margin: 0px 0px 20px; font-family: 'Suez One', sans-serif; line-height: 1.3em; color: #202714; font-size: 2.66667rem; border: 0px; outline: 0px; padding: 0px; vertical-align: baseline; clear: both;\">Ochrana dat<span style=\"color: inherit; font-family: inherit; font-size: 1.75rem;\">&nbsp;<\/span><\/h2>\n<h3><span style=\"color: #5a5a5a; font-family: Lato, sans-serif;\"><span style=\"font-size: 17px;\">Administrace webu https:\/\/groommistr.com\/ (d\u00e1le jen Web) nem\u016f\u017ee p\u0159edat ani zve\u0159ejnit informace poskytnut\u00e9 u\u017eivatelem (d\u00e1le jen U\u017eivatel) p\u0159i registraci a pou\u017e\u00edv\u00e1n\u00ed funkc\u00ed webu t\u0159et\u00edm stran\u00e1m, s v\u00fdjimkou p\u0159\u00edpad\u016f uveden\u00fdch v legislativ\u011b zem\u011b, na jej\u00edm\u017e \u00fazem\u00ed U\u017eivatel vykon\u00e1v\u00e1 svou \u010dinnost.<\/span><\/span><\/h3>\n<h3><span style=\"color: #202714; font-family: 'Suez One', sans-serif; font-size: 2.66667rem;\">Pou\u017eit\u00ed osobn\u00edch \u00fadaj\u016f<\/span><\/h3>\n<h3><span style=\"color: #5a5a5a; font-family: Lato, sans-serif;\"><span style=\"font-size: 17px;\">Web pou\u017e\u00edv\u00e1 osobn\u00ed \u00fadaje U\u017eivatele k poskytov\u00e1n\u00ed slu\u017eeb a zlep\u0161ov\u00e1n\u00ed jejich kvality. \u010c\u00e1st osobn\u00edch \u00fadaj\u016f m\u016f\u017ee b\u00fdt p\u0159ed\u00e1na bance nebo platebn\u00edmu syst\u00e9mu, pokud je poskytnut\u00ed t\u011bchto informac\u00ed nezbytn\u00e9 pro proces p\u0159evodu finan\u010dn\u00edch prost\u0159edk\u016f platebn\u00edmu syst\u00e9mu, jeho\u017e slu\u017eby si U\u017eivatel p\u0159eje vyu\u017e\u00edt. Web vynakl\u00e1d\u00e1 ve\u0161ker\u00e9 \u00fasil\u00ed, aby zajistil bezpe\u010dnost osobn\u00edch \u00fadaj\u016f U\u017eivatele. Osobn\u00ed \u00fadaje mohou b\u00fdt zve\u0159ejn\u011bny v p\u0159\u00edpadech uveden\u00fdch v legislativ\u011b nebo pokud administrace pova\u017euje takov\u00e9 kroky za nezbytn\u00e9 pro dodr\u017een\u00ed pr\u00e1vn\u00edho postupu, soudn\u00edho na\u0159\u00edzen\u00ed nebo z\u00e1konn\u00e9ho procesu nezbytn\u00e9ho pro spolupr\u00e1ci U\u017eivatele s Webem. V jin\u00fdch p\u0159\u00edpadech nebudou za \u017e\u00e1dn\u00fdch okolnost\u00ed informace, kter\u00e9 U\u017eivatel poskytne Webu, p\u0159ed\u00e1ny t\u0159et\u00edm stran\u00e1m.&nbsp;<\/span><\/span><\/h3>\n<p><!-- \/wp:heading --><\/p>\t\t\t\t\t\t\t\t<\/div>\n\t\t\t\t\t<\/div>\n\t\t\t\t<\/div>\n\t\t\t\t<\/div>\n\t\t","protected":false},"excerpt":{"rendered":"<p>Spr\u00e1vce osobn\u00edch \u00fadaj\u016f Spr\u00e1vcem osobn\u00edch \u00fadaj\u016f a osobou zodpov\u011bdnou za jejich ochranu je&nbsp; Elena Chaplygina, Kol\u010davka 75\/3, Libe\u0148, 190 00 Praha 9, I\u010c: 05501369, Telefon: +420 776 155 530, e-mail: terraneola@seznam.cz \u00da\u010dely zpracov\u00e1n\u00ed Va\u0161e osobn\u00ed \u00fadaje zpracov\u00e1v\u00e1me pro&nbsp; n\u00e1sleduj\u00edc\u00ed \u00fa\u010dely: zodpov\u011bzen\u00ed va\u0161ich dotaz\u016f pomoc\u00ed kontaktn\u00edho formul\u00e1\u0159e Rozsah zpracov\u00e1van\u00fdch \u00fadaj\u016f Zpracov\u00e1v\u00e1me jen nezbytn\u011b nutn\u00e9 \u00fadaje, abychom [&hellip;]<\/p>\n","protected":false},"author":1,"featured_media":0,"parent":0,"menu_order":0,"comment_status":"closed","ping_status":"closed","template":"elementor_canvas","meta":{"footnotes":""},"class_list":["post-3","page","type-page","status-publish","hentry"],"_links":{"self":[{"href":"https:\/\/groommistr.com\/index.php?rest_route=\/wp\/v2\/pages\/3","targetHints":{"allow":["GET"]}}],"collection":[{"href":"https:\/\/groommistr.com\/index.php?rest_route=\/wp\/v2\/pages"}],"about":[{"href":"https:\/\/groommistr.com\/index.php?rest_route=\/wp\/v2\/types\/page"}],"author":[{"embeddable":true,"href":"https:\/\/groommistr.com\/index.php?rest_route=\/wp\/v2\/users\/1"}],"replies":[{"embeddable":true,"href":"https:\/\/groommistr.com\/index.php?rest_route=%2Fwp%2Fv2%2Fcomments&post=3"}],"version-history":[{"count":22,"href":"https:\/\/groommistr.com\/index.php?rest_route=\/wp\/v2\/pages\/3\/revisions"}],"predecessor-version":[{"id":268,"href":"https:\/\/groommistr.com\/index.php?rest_route=\/wp\/v2\/pages\/3\/revisions\/268"}],"wp:attachment":[{"href":"https:\/\/groommistr.com\/index.php?rest_route=%2Fwp%2Fv2%2Fmedia&parent=3"}],"curies":[{"name":"wp","href":"https:\/\/api.w.org\/{rel}","templated":true}]}}