{"id":374,"date":"2026-01-28T11:08:53","date_gmt":"2026-01-28T10:08:53","guid":{"rendered":"https:\/\/groommistr.com\/?page_id=374"},"modified":"2026-03-01T11:48:14","modified_gmt":"2026-03-01T10:48:14","slug":"cenik","status":"publish","type":"page","link":"https:\/\/groommistr.com\/?page_id=374","title":{"rendered":"Cenik"},"content":{"rendered":"\t\t<div data-elementor-type=\"wp-page\" data-elementor-id=\"374\" class=\"elementor elementor-374\">\n\t\t\t\t<div class=\"elementor-element elementor-element-3934e5e e-flex e-con-boxed lakit-col-width-auto-no e-container e-root-container elementor-top-section e-con e-parent\" data-id=\"3934e5e\" data-element_type=\"container\">\n\t\t\t\t\t<div class=\"e-con-inner\">\n\t\t\t\t<div class=\"elementor-element elementor-element-cd8d8f8 lakit-nav-line-animation-none elementor-widget lastudio-kit elementor-lakit-nav-menu\" data-id=\"cd8d8f8\" data-element_type=\"widget\" data-widget_type=\"lakit-nav-menu.default\">\n\t\t\t\t\t<div class=\"lakit-nav-wrap lakit-nav-wrap-cd8d8f8\" data-effect=\"\" data-dlconfig=\"{&quot;backtext&quot;:&quot;&lt;span&gt;Back&lt;\\\/span&gt;&quot;,&quot;backicon&quot;:null,&quot;triggericon&quot;:&quot;&lt;i class=\\&quot;lastudioicon-right-arrow\\&quot;&gt;&lt;\\\/i&gt;&quot;}\"><div class=\"lakit-nav-menuwrap lakit-nav-menuwrap-cd8d8f8\"><div class=\"lakit-nav lakit-nav-cd8d8f8 lakit-nav--horizontal\"><div class=\"menu-item menu-item-type-post_type menu-item-object-page menu-item-home lakit-nav-id-cd8d8f8 lakit-nav__item--default lakit-nav__item-169 lakit-nav__item\"><a href=\"https:\/\/groommistr.com\/\" class=\"menu-item-link menu-item-link-depth-0 menu-item-link-top\"><span class=\"lakit-nav-link-inner\" style=\"\"><span class=\"lakit-nav-link-text\"><span class=\"menu-text\">\u00daVOD<\/span><\/span><\/span><\/a><\/div>\n<div class=\"menu-item menu-item-type-post_type menu-item-object-page lakit-nav-id-cd8d8f8 lakit-nav__item--default lakit-nav__item-295 lakit-nav__item\"><a href=\"https:\/\/groommistr.com\/?page_id=279\" class=\"menu-item-link menu-item-link-depth-0 menu-item-link-top\"><span class=\"lakit-nav-link-inner\" style=\"\"><span class=\"lakit-nav-link-text\"><span class=\"menu-text\">Sluzby<\/span><\/span><\/span><\/a><\/div>\n<div class=\"menu-item menu-item-type-post_type menu-item-object-page lakit-nav-id-cd8d8f8 lakit-nav__item--default lakit-nav__item-380 lakit-nav__item\"><a href=\"https:\/\/groommistr.com\/?page_id=374\" class=\"menu-item-link menu-item-link-depth-0 menu-item-link-top\"><span class=\"lakit-nav-link-inner\" style=\"\"><span class=\"lakit-nav-link-text\"><span class=\"menu-text\">Cenik<\/span><\/span><\/span><\/a><\/div>\n<div class=\"menu-item menu-item-type-post_type menu-item-object-page lakit-nav-id-cd8d8f8 lakit-nav__item--default lakit-nav__item-186 lakit-nav__item\"><a href=\"https:\/\/groommistr.com\/?page_id=145\" class=\"menu-item-link menu-item-link-depth-0 menu-item-link-top\"><span class=\"lakit-nav-link-inner\" style=\"\"><span class=\"lakit-nav-link-text\"><span class=\"menu-text\">Kontakt<\/span><\/span><\/span><\/a><\/div>\n<\/div><\/div><\/div>\t\t\t\t<\/div>\n\t\t\t\t\t<\/div>\n\t\t\t\t<\/div>\n\t\t<div class=\"elementor-element elementor-element-7814f42 e-flex e-con-boxed lakit-col-width-auto-no e-container e-root-container elementor-top-section e-con e-parent\" data-id=\"7814f42\" data-element_type=\"container\">\n\t\t\t\t\t<div class=\"e-con-inner\">\n\t\t\t\t<div class=\"elementor-element elementor-element-2b51e31 elementor-widget elementor-widget-heading\" data-id=\"2b51e31\" data-element_type=\"widget\" data-widget_type=\"heading.default\">\n\t\t\t\t\t<h2 class=\"elementor-heading-title elementor-size-default\">CEN\u00cdK SLU\u017dEB<\/h2>\t\t\t\t<\/div>\n\t\t\t\t\t<\/div>\n\t\t\t\t<\/div>\n\t\t<div class=\"elementor-element elementor-element-4f66ca6 e-flex e-con-boxed lakit-col-width-auto-no e-container e-root-container elementor-top-section e-con e-parent\" data-id=\"4f66ca6\" data-element_type=\"container\">\n\t\t\t\t\t<div class=\"e-con-inner\">\n\t\t\t\t<div class=\"elementor-element elementor-element-d586ab6 elementor-widget elementor-widget-heading\" data-id=\"d586ab6\" data-element_type=\"widget\" data-widget_type=\"heading.default\">\n\t\t\t\t\t<h2 class=\"elementor-heading-title elementor-size-default\">V na\u0161em salonu v\u00e1m nab\u00edz\u00edme \u0161irokou \u0161k\u00e1lu slu\u017eeb pro zdravou p\u00e9\u010di o va\u0161e mazl\u00ed\u010dky.<\/h2>\t\t\t\t<\/div>\n\t\t\t\t\t<\/div>\n\t\t\t\t<\/div>\n\t\t<div class=\"elementor-element elementor-element-fe69df6 e-flex e-con-boxed lakit-col-width-auto-no e-container e-root-container elementor-top-section e-con e-parent\" data-id=\"fe69df6\" data-element_type=\"container\">\n\t\t\t\t\t<div class=\"e-con-inner\">\n\t\t\t\t<div class=\"elementor-element elementor-element-19e3bc1 elementor-widget__width-initial elementor-widget elementor-widget-heading\" data-id=\"19e3bc1\" data-element_type=\"widget\" data-widget_type=\"heading.default\">\n\t\t\t\t\t<h2 class=\"elementor-heading-title elementor-size-default\">V sal\u00f3nu prov\u00e1d\u00edme pouze<\/h2>\t\t\t\t<\/div>\n\t\t\t\t\t<\/div>\n\t\t\t\t<\/div>\n\t\t<div class=\"elementor-element elementor-element-1f31e30 e-flex e-con-boxed lakit-col-width-auto-no e-container e-root-container elementor-top-section e-con e-parent\" data-id=\"1f31e30\" data-element_type=\"container\">\n\t\t\t\t\t<div class=\"e-con-inner\">\n\t\t\t\t<div class=\"elementor-element elementor-element-286a537 elementor-widget__width-initial elementor-widget elementor-widget-heading\" data-id=\"286a537\" data-element_type=\"widget\" data-widget_type=\"heading.default\">\n\t\t\t\t\t<h2 class=\"elementor-heading-title elementor-size-default\">KOMPLETN\u00cd \u00daPRAVU SRSTI PS\u00da!<\/h2>\t\t\t\t<\/div>\n\t\t\t\t\t<\/div>\n\t\t\t\t<\/div>\n\t\t<div class=\"elementor-element elementor-element-8f52061 e-flex e-con-boxed lakit-col-width-auto-no e-container e-root-container elementor-top-section e-con e-parent\" data-id=\"8f52061\" data-element_type=\"container\">\n\t\t\t\t\t<div class=\"e-con-inner\">\n\t\t\t\t<div class=\"elementor-element elementor-element-f41d148 elementor-widget__width-initial elementor-widget elementor-widget-heading\" data-id=\"f41d148\" data-element_type=\"widget\" data-widget_type=\"heading.default\">\n\t\t\t\t\t<h2 class=\"elementor-heading-title elementor-size-default\">\u00dapravy ko\u010dek na \u017e\u00e1dost majitele.<\/h2>\t\t\t\t<\/div>\n\t\t\t\t\t<\/div>\n\t\t\t\t<\/div>\n\t\t<div class=\"elementor-element elementor-element-edb88c1 e-flex e-con-boxed lakit-col-width-auto-no e-container e-root-container elementor-top-section e-con e-parent\" data-id=\"edb88c1\" data-element_type=\"container\">\n\t\t\t\t\t<div class=\"e-con-inner\">\n\t\t\t\t\t<\/div>\n\t\t\t\t<\/div>\n\t\t<div class=\"elementor-element elementor-element-f15c7bf e-flex e-con-boxed lakit-col-width-auto-no e-container e-root-container elementor-top-section e-con e-parent\" data-id=\"f15c7bf\" data-element_type=\"container\">\n\t\t\t\t\t<div class=\"e-con-inner\">\n\t\t<div class=\"elementor-element elementor-element-26e5543 e-grid e-con-boxed lakit-col-width-auto-no e-container e-con e-child\" data-id=\"26e5543\" data-element_type=\"container\">\n\t\t\t\t\t<div class=\"e-con-inner\">\n\t\t\t\t<div class=\"elementor-element elementor-element-79f545d elementor-widget elementor-widget-image\" data-id=\"79f545d\" data-element_type=\"widget\" data-widget_type=\"image.default\">\n\t\t\t\t\t\t\t\t\t\t\t\t\t\t\t<img fetchpriority=\"high\" decoding=\"async\" width=\"800\" height=\"846\" src=\"https:\/\/groommistr.com\/wp-content\/uploads\/2026\/03\/Cennik_york_new-968x1024.jpg\" class=\"attachment-large size-large wp-image-548\" alt=\"\" srcset=\"https:\/\/groommistr.com\/wp-content\/uploads\/2026\/03\/Cennik_york_new-968x1024.jpg 968w, https:\/\/groommistr.com\/wp-content\/uploads\/2026\/03\/Cennik_york_new-284x300.jpg 284w, https:\/\/groommistr.com\/wp-content\/uploads\/2026\/03\/Cennik_york_new-768x812.jpg 768w, https:\/\/groommistr.com\/wp-content\/uploads\/2026\/03\/Cennik_york_new-1453x1536.jpg 1453w, https:\/\/groommistr.com\/wp-content\/uploads\/2026\/03\/Cennik_york_new-1937x2048.jpg 1937w\" sizes=\"(max-width: 800px) 100vw, 800px\" \/>\t\t\t\t\t\t\t\t\t\t\t\t\t\t\t<\/div>\n\t\t\t\t<div class=\"elementor-element elementor-element-57c7900 elementor-widget elementor-widget-image\" data-id=\"57c7900\" data-element_type=\"widget\" data-widget_type=\"image.default\">\n\t\t\t\t\t\t\t\t\t\t\t\t\t\t\t<img decoding=\"async\" width=\"800\" height=\"845\" src=\"https:\/\/groommistr.com\/wp-content\/uploads\/2026\/03\/Cennik_spic_new-970x1024.jpg\" class=\"attachment-large size-large wp-image-544\" alt=\"\" srcset=\"https:\/\/groommistr.com\/wp-content\/uploads\/2026\/03\/Cennik_spic_new-970x1024.jpg 970w, https:\/\/groommistr.com\/wp-content\/uploads\/2026\/03\/Cennik_spic_new-284x300.jpg 284w, https:\/\/groommistr.com\/wp-content\/uploads\/2026\/03\/Cennik_spic_new-768x811.jpg 768w, https:\/\/groommistr.com\/wp-content\/uploads\/2026\/03\/Cennik_spic_new-1455x1536.jpg 1455w, https:\/\/groommistr.com\/wp-content\/uploads\/2026\/03\/Cennik_spic_new-1940x2048.jpg 1940w\" sizes=\"(max-width: 800px) 100vw, 800px\" \/>\t\t\t\t\t\t\t\t\t\t\t\t\t\t\t<\/div>\n\t\t\t\t\t<\/div>\n\t\t\t\t<\/div>\n\t\t\t\t\t<\/div>\n\t\t\t\t<\/div>\n\t\t<div class=\"elementor-element elementor-element-db49e46 e-flex e-con-boxed lakit-col-width-auto-no e-container e-root-container elementor-top-section e-con e-parent\" data-id=\"db49e46\" data-element_type=\"container\">\n\t\t\t\t\t<div class=\"e-con-inner\">\n\t\t\t\t<div class=\"elementor-element elementor-element-3d23b1e elementor-widget elementor-widget-heading\" data-id=\"3d23b1e\" data-element_type=\"widget\" data-widget_type=\"heading.default\">\n\t\t\t\t\t<h2 class=\"elementor-heading-title elementor-size-default\"><br><p class=\"MsoNormal\">Podle t\u011bchto cen\u00edk\u016f si m\u016f\u017eete ud\u011blat p\u0159edstavu o tom, jak\njsou v na\u0161em salonu tvo\u0159eny ceny. Ostatn<span lang=\"RU\">\u00ed <\/span>plemena a kategorie najdete v obecn<span lang=\"RU\">\u00e9<\/span>m cen<span lang=\"RU\">\u00ed<\/span>ku n<span lang=\"RU\">\u00ed\u017e<\/span>e<span lang=\"RU\">.<\/span><\/p><br><\/h2>\t\t\t\t<\/div>\n\t\t\t\t\t<\/div>\n\t\t\t\t<\/div>\n\t\t<div class=\"elementor-element elementor-element-55ae54c e-flex e-con-boxed lakit-col-width-auto-no e-container e-root-container elementor-top-section e-con e-parent\" data-id=\"55ae54c\" data-element_type=\"container\">\n\t\t\t\t\t<div class=\"e-con-inner\">\n\t\t\t\t<div class=\"elementor-element elementor-element-4c42a0e elementor-widget elementor-widget-image\" data-id=\"4c42a0e\" data-element_type=\"widget\" data-widget_type=\"image.default\">\n\t\t\t\t\t\t\t\t\t\t\t\t\t\t\t<img decoding=\"async\" width=\"1536\" height=\"1433\" src=\"https:\/\/groommistr.com\/wp-content\/uploads\/2026\/03\/Cenik_cerny_new_od_1_03_26-1536x1433.jpg\" class=\"attachment-1536x1536 size-1536x1536 wp-image-536\" alt=\"\" srcset=\"https:\/\/groommistr.com\/wp-content\/uploads\/2026\/03\/Cenik_cerny_new_od_1_03_26-1536x1433.jpg 1536w, https:\/\/groommistr.com\/wp-content\/uploads\/2026\/03\/Cenik_cerny_new_od_1_03_26-300x280.jpg 300w, https:\/\/groommistr.com\/wp-content\/uploads\/2026\/03\/Cenik_cerny_new_od_1_03_26-1024x956.jpg 1024w, https:\/\/groommistr.com\/wp-content\/uploads\/2026\/03\/Cenik_cerny_new_od_1_03_26-768x717.jpg 768w, https:\/\/groommistr.com\/wp-content\/uploads\/2026\/03\/Cenik_cerny_new_od_1_03_26-2048x1911.jpg 2048w\" sizes=\"(max-width: 1536px) 100vw, 1536px\" \/>\t\t\t\t\t\t\t\t\t\t\t\t\t\t\t<\/div>\n\t\t\t\t\t<\/div>\n\t\t\t\t<\/div>\n\t\t<div class=\"elementor-element elementor-element-ab70b20 e-flex e-con-boxed lakit-col-width-auto-no e-container e-root-container elementor-top-section e-con e-parent\" data-id=\"ab70b20\" data-element_type=\"container\">\n\t\t\t\t\t<div class=\"e-con-inner\">\n\t\t\t\t\t<\/div>\n\t\t\t\t<\/div>\n\t\t<div class=\"elementor-element elementor-element-86736f7 e-flex e-con-boxed lakit-col-width-auto-no e-container e-root-container elementor-top-section e-con e-parent\" data-id=\"86736f7\" data-element_type=\"container\">\n\t\t\t\t\t<div class=\"e-con-inner\">\n\t\t\t\t<div class=\"elementor-element elementor-element-7af217c elementor-widget elementor-widget-heading\" data-id=\"7af217c\" data-element_type=\"widget\" data-widget_type=\"heading.default\">\n\t\t\t\t\t<h2 class=\"elementor-heading-title elementor-size-default\">UPOZORN\u011aN\u00cd:<\/h2>\t\t\t\t<\/div>\n\t\t\t\t\t<\/div>\n\t\t\t\t<\/div>\n\t\t<div class=\"elementor-element elementor-element-6a878b8 e-flex e-con-boxed lakit-col-width-auto-no e-container e-root-container elementor-top-section e-con e-parent\" data-id=\"6a878b8\" data-element_type=\"container\">\n\t\t\t\t\t<div class=\"e-con-inner\">\n\t\t\t\t<div class=\"elementor-element elementor-element-e2e5c2d elementor-widget elementor-widget-heading\" data-id=\"e2e5c2d\" data-element_type=\"widget\" data-widget_type=\"heading.default\">\n\t\t\t\t\t<h2 class=\"elementor-heading-title elementor-size-default\"><p>1) V p\u0159\u00edpad\u011b zable\u0161en\u00e9ho psa bude k z\u00e1kladn\u00ed cen\u011b na\u00fa\u010dtov\u00e1n p\u0159\u00edplatek&nbsp;200\na\u017e 1000&nbsp;k\u010d. <\/p>\n\n<p>2) Upozorn\u011bte n\u00e1s pros\u00edm na zdravotn\u00ed probl\u00e9my Va\u0161eho ps\u00edho\nmil\u00e1\u010dka - bradavice, jizvy, od\u0159eniny. Nezapome\u0148te upozornit na p\u0159\u00edpadn\u00e9\nepileptiky a srde\u010dn\u00ed probl\u00e9my. Pros\u00edme, informujte n\u00e1s o p\u0159\u00edpadn\u00fdch probl\u00e9mech poka\u017ed\u00e9, kdy\u017e p\u0159ivedete sv\u00e9ho psa na&nbsp;\u00fapravu.<\/p>\n\n<p>3) Nest\u0159\u00edh\u00e1me pejsky s nel\u00e9\u010den\u00fdmi ko\u017en\u00edmi probl\u00e9my! Plat\u00ed,\n\u017ee nejd\u0159\u00edve k panu doktorovi a po porad\u011b s n\u00edm, pokud se nejedn\u00e1 o p\u0159enosnou\nnemoc a veterin\u00e1\u0159 to bude pova\u017eovat za prosp\u011b\u0161n\u00e9, ost\u0159\u00edh\u00e1me. Po\u010d\u00edtejte v\u0161ak\ns&nbsp;p\u0159\u00edplatkem za asanaci prost\u0159ed\u00ed a n\u00e1stroj\u016f.&nbsp; &nbsp; <\/p>\n\n<p>4) Upozorn\u011bte n\u00e1s pros\u00edm na agresivn\u00ed pejsky, p\u0159\u00edpadn\u011b je\nvybavte ko\u0161\u00edkem.&nbsp; &nbsp; <\/p>\n\n<p>5) Nezapome\u0148te sv\u00e9ho pejska p\u0159ed st\u0159\u00edh\u00e1n\u00edm vyven\u010dit (a po\nn\u011bm to samoz\u0159ejm\u011b uklidit), aby se p\u0159i st\u0159\u00edh\u00e1n\u00ed c\u00edtil dob\u0159e a nic ho\n\"netla\u010dilo\". &nbsp; <\/p>\n\n<p>6) H\u00e1raj\u00edc\u00ed fenky hlaste do&nbsp;p\u0159\u00edchodu. &nbsp;<br><br>\nProfesion\u00e1ln\u00ed rady a doporu\u010den\u00ed ohledn\u011b koup\u00e1n\u00ed a dom\u00e1c\u00ed p\u00e9\u010de jsou tak\u00e9\nsou\u010d\u00e1st\u00ed na\u0161eho servisu a je zdarma. &nbsp; <\/p><br><p>Na\u0161e kvalita je va\u0161\u00ed z\u00e1rukou!<\/p><\/h2>\t\t\t\t<\/div>\n\t\t\t\t\t<\/div>\n\t\t\t\t<\/div>\n\t\t<div class=\"elementor-element elementor-element-e797a88 e-flex e-con-boxed lakit-col-width-auto-no e-container e-root-container elementor-top-section e-con e-parent\" data-id=\"e797a88\" data-element_type=\"container\">\n\t\t\t\t\t<div class=\"e-con-inner\">\n\t\t\t\t\t<\/div>\n\t\t\t\t<\/div>\n\t\t<div class=\"elementor-element elementor-element-d9ae533 e-flex e-con-boxed lakit-col-width-auto-no e-container e-root-container elementor-top-section e-con e-parent\" data-id=\"d9ae533\" data-element_type=\"container\">\n\t\t\t\t\t<div class=\"e-con-inner\">\n\t\t\t\t<div class=\"elementor-element elementor-element-06aca99 elementor-widget elementor-widget-heading\" data-id=\"06aca99\" data-element_type=\"widget\" data-widget_type=\"heading.default\">\n\t\t\t\t\t<h2 class=\"elementor-heading-title elementor-size-default\"><b>Podm\u00ednky pro trimov\u00e1n\u00ed:<\/b><\/h2>\t\t\t\t<\/div>\n\t\t\t\t\t<\/div>\n\t\t\t\t<\/div>\n\t\t<div class=\"elementor-element elementor-element-4fd1b4d e-flex e-con-boxed lakit-col-width-auto-no e-container e-root-container elementor-top-section e-con e-parent\" data-id=\"4fd1b4d\" data-element_type=\"container\">\n\t\t\t\t\t<div class=\"e-con-inner\">\n\t\t\t\t<div class=\"elementor-element elementor-element-3300c58 elementor-widget elementor-widget-heading\" data-id=\"3300c58\" data-element_type=\"widget\" data-widget_type=\"heading.default\">\n\t\t\t\t\t<h2 class=\"elementor-heading-title elementor-size-default\">Trimovan\u00e9 plemena, u kter\u00fdch se ur\u010dit\u00e9 \u010d\u00e1sti t\u011bla dost\u0159ihuj\u00ed (nap\u0159. mal\u00fd kn\u00edra\u010d, skotsk\u00fd teri\u00e9r a west\u00edk), prov\u00e1d\u00edme v\u017edy v\u010detn\u011b koup\u00e1n\u00ed.<br><br>\nU plemen, kter\u00e1 se trimuj\u00ed kompletn\u011b (nap\u0159. norwich teri\u00e9r, jack russell teri\u00e9r, border teri\u00e9r), prov\u00e1d\u00edme koup\u00e1n\u00ed pouze na p\u0159\u00e1n\u00ed majitele.<\/h2>\t\t\t\t<\/div>\n\t\t\t\t\t<\/div>\n\t\t\t\t<\/div>\n\t\t<div class=\"elementor-element elementor-element-a2bab5f e-flex e-con-boxed lakit-col-width-auto-no e-container e-root-container elementor-top-section e-con e-parent\" data-id=\"a2bab5f\" data-element_type=\"container\">\n\t\t\t\t\t<div class=\"e-con-inner\">\n\t\t\t\t\t<\/div>\n\t\t\t\t<\/div>\n\t\t<div class=\"elementor-element elementor-element-ea6279b e-flex e-con-boxed lakit-col-width-auto-no e-container e-root-container elementor-top-section e-con e-parent\" data-id=\"ea6279b\" data-element_type=\"container\">\n\t\t\t\t\t<div class=\"e-con-inner\">\n\t\t\t\t<div class=\"elementor-element elementor-element-af202b0 elementor-widget elementor-widget-image\" data-id=\"af202b0\" data-element_type=\"widget\" data-widget_type=\"image.default\">\n\t\t\t\t\t\t\t\t\t\t\t\t\t\t\t<img loading=\"lazy\" decoding=\"async\" width=\"1536\" height=\"1211\" src=\"https:\/\/groommistr.com\/wp-content\/uploads\/2026\/03\/Cenik_cerny_kocky_new_od_1_03_2026-1536x1211.jpg\" class=\"attachment-1536x1536 size-1536x1536 wp-image-540\" alt=\"\" srcset=\"https:\/\/groommistr.com\/wp-content\/uploads\/2026\/03\/Cenik_cerny_kocky_new_od_1_03_2026-1536x1211.jpg 1536w, https:\/\/groommistr.com\/wp-content\/uploads\/2026\/03\/Cenik_cerny_kocky_new_od_1_03_2026-300x237.jpg 300w, https:\/\/groommistr.com\/wp-content\/uploads\/2026\/03\/Cenik_cerny_kocky_new_od_1_03_2026-1024x807.jpg 1024w, https:\/\/groommistr.com\/wp-content\/uploads\/2026\/03\/Cenik_cerny_kocky_new_od_1_03_2026-768x606.jpg 768w, https:\/\/groommistr.com\/wp-content\/uploads\/2026\/03\/Cenik_cerny_kocky_new_od_1_03_2026-2048x1615.jpg 2048w\" sizes=\"(max-width: 1536px) 100vw, 1536px\" \/>\t\t\t\t\t\t\t\t\t\t\t\t\t\t\t<\/div>\n\t\t\t\t\t<\/div>\n\t\t\t\t<\/div>\n\t\t<div class=\"elementor-element elementor-element-4e1a6fa e-flex e-con-boxed lakit-col-width-auto-no e-container e-root-container elementor-top-section e-con e-parent\" data-id=\"4e1a6fa\" data-element_type=\"container\">\n\t\t\t\t\t<div class=\"e-con-inner\">\n\t\t\t\t\t<\/div>\n\t\t\t\t<\/div>\n\t\t<div class=\"elementor-element elementor-element-95cbe26 e-flex e-con-boxed lakit-col-width-auto-no e-container e-root-container elementor-top-section e-con e-parent\" data-id=\"95cbe26\" data-element_type=\"container\">\n\t\t\t\t\t<div class=\"e-con-inner\">\n\t\t\t\t<div class=\"elementor-element elementor-element-0f78061 elementor-widget elementor-widget-heading\" data-id=\"0f78061\" data-element_type=\"widget\" data-widget_type=\"heading.default\">\n\t\t\t\t\t<h2 class=\"elementor-heading-title elementor-size-default\"><h2 data-elementor-setting-key=\"title\" data-pen-placeholder=\"Type Here...\" style=\"font-size: 25px\"><p data-start=\"119\" data-end=\"149\"><span data-start=\"119\" data-end=\"149\" style=\"font-weight: bolder\">P\u0159\u00edprava ko\u010dky na grooming:<\/span><span style=\"font-size: 26px\"><\/span><\/p><\/h2><\/h2>\t\t\t\t<\/div>\n\t\t\t\t\t<\/div>\n\t\t\t\t<\/div>\n\t\t<div class=\"elementor-element elementor-element-c01c167 e-flex e-con-boxed lakit-col-width-auto-no e-container e-root-container elementor-top-section e-con e-parent\" data-id=\"c01c167\" data-element_type=\"container\">\n\t\t\t\t\t<div class=\"e-con-inner\">\n\t\t\t\t<div class=\"elementor-element elementor-element-444ecd8 elementor-widget elementor-widget-heading\" data-id=\"444ecd8\" data-element_type=\"widget\" data-widget_type=\"heading.default\">\n\t\t\t\t\t<h2 class=\"elementor-heading-title elementor-size-default\"><p data-start=\"119\" data-end=\"149\">V\u0161echny ko\u010dky jsou vystresovan\u00e9 u\u017e samotnou cestou do salonu a v d\u016fsledku stresu se mohou objevit pot\u00ed\u017ee s tr\u00e1vic\u00edm traktem. Aby se t\u011bmto probl\u00e9m\u016fm p\u0159ede\u0161lo, <strong data-start=\"309\" data-end=\"371\">nedoporu\u010dujeme ko\u010dku krmit 5\u20136 hodin p\u0159ed ani po procedu\u0159e<\/strong>.<\/p>\n<p data-start=\"376\" data-end=\"587\">Pokud se ob\u00e1v\u00e1te, \u017ee je va\u0161e ko\u010dka velmi nerv\u00f3zn\u00ed, m\u016f\u017eete se p\u0159edem obr\u00e1tit na veterin\u00e1\u0159e a po\u017e\u00e1dat o vhodn\u00e9 zklid\u0148uj\u00edc\u00ed prost\u0159edky. <strong data-start=\"509\" data-end=\"587\">V na\u0161em salonu \u017e\u00e1dn\u00e1 sedativa ani uklid\u0148uj\u00edc\u00ed p\u0159\u00edpravky ko\u010dk\u00e1m nepod\u00e1v\u00e1me.<\/strong><\/p>\n<p data-start=\"589\" data-end=\"832\">Pros\u00edme, <strong data-start=\"598\" data-end=\"660\">p\u0159in\u00e1\u0161ejte ko\u010dku v\u00fdhradn\u011b ve speci\u00e1ln\u00ed p\u0159epravce pro ko\u010dky<\/strong>. Nenoste ko\u010dku v n\u00e1ru\u010d\u00ed, pod bundou ani v ta\u0161ce. <strong data-start=\"710\" data-end=\"832\">P\u0159ed z\u00e1krokem i bezprost\u0159edn\u011b po n\u011bm mus\u00ed b\u00fdt ko\u010dka ve sv\u00e9 p\u0159epravce (\u201edome\u010dku\u201c), co\u017e je nezbytn\u00e9 pro jej\u00ed bezpe\u010dnost.<\/strong><\/p><\/h2>\t\t\t\t<\/div>\n\t\t\t\t\t<\/div>\n\t\t\t\t<\/div>\n\t\t<div class=\"elementor-element elementor-element-88f1ee0 e-flex e-con-boxed lakit-col-width-auto-no e-container e-root-container elementor-top-section e-con e-parent\" data-id=\"88f1ee0\" data-element_type=\"container\">\n\t\t\t\t\t<div class=\"e-con-inner\">\n\t\t\t\t\t<\/div>\n\t\t\t\t<\/div>\n\t\t<div class=\"elementor-element elementor-element-142fd73 e-flex e-con-boxed lakit-col-width-auto-no e-container e-root-container elementor-top-section e-con e-parent\" data-id=\"142fd73\" data-element_type=\"container\" data-settings=\"{&quot;background_background&quot;:&quot;classic&quot;}\">\n\t\t\t\t\t<div class=\"e-con-inner\">\n\t\t\t\t<div class=\"elementor-element elementor-element-a2ab1c1 elementor-widget elementor-widget-heading\" data-id=\"a2ab1c1\" data-element_type=\"widget\" data-widget_type=\"heading.default\">\n\t\t\t\t\t<h6 class=\"elementor-heading-title elementor-size-default\"><a href=\"https:\/\/groommistr.com\/?page_id=3\">Z\u00e1sady ochrany osobn\u00edch \u00fadaj\u016f<\/a><\/h6>\t\t\t\t<\/div>\n\t\t\t\t\t<\/div>\n\t\t\t\t<\/div>\n\t\t\t\t<\/div>\n\t\t","protected":false},"excerpt":{"rendered":"<p>\u00daVOD Sluzby Cenik Kontakt CEN\u00cdK SLU\u017dEB V na\u0161em salonu v\u00e1m nab\u00edz\u00edme \u0161irokou \u0161k\u00e1lu slu\u017eeb pro zdravou p\u00e9\u010di o va\u0161e mazl\u00ed\u010dky. V sal\u00f3nu prov\u00e1d\u00edme pouze KOMPLETN\u00cd \u00daPRAVU SRSTI PS\u00da! \u00dapravy ko\u010dek na \u017e\u00e1dost majitele. Podle t\u011bchto cen\u00edk\u016f si m\u016f\u017eete ud\u011blat p\u0159edstavu o tom, jak jsou v na\u0161em salonu tvo\u0159eny ceny. Ostatn\u00ed plemena a kategorie najdete v [&hellip;]<\/p>\n","protected":false},"author":1,"featured_media":0,"parent":0,"menu_order":0,"comment_status":"closed","ping_status":"closed","template":"elementor_canvas","meta":{"footnotes":""},"class_list":["post-374","page","type-page","status-publish","hentry"],"_links":{"self":[{"href":"https:\/\/groommistr.com\/index.php?rest_route=\/wp\/v2\/pages\/374","targetHints":{"allow":["GET"]}}],"collection":[{"href":"https:\/\/groommistr.com\/index.php?rest_route=\/wp\/v2\/pages"}],"about":[{"href":"https:\/\/groommistr.com\/index.php?rest_route=\/wp\/v2\/types\/page"}],"author":[{"embeddable":true,"href":"https:\/\/groommistr.com\/index.php?rest_route=\/wp\/v2\/users\/1"}],"replies":[{"embeddable":true,"href":"https:\/\/groommistr.com\/index.php?rest_route=%2Fwp%2Fv2%2Fcomments&post=374"}],"version-history":[{"count":115,"href":"https:\/\/groommistr.com\/index.php?rest_route=\/wp\/v2\/pages\/374\/revisions"}],"predecessor-version":[{"id":551,"href":"https:\/\/groommistr.com\/index.php?rest_route=\/wp\/v2\/pages\/374\/revisions\/551"}],"wp:attachment":[{"href":"https:\/\/groommistr.com\/index.php?rest_route=%2Fwp%2Fv2%2Fmedia&parent=374"}],"curies":[{"name":"wp","href":"https:\/\/api.w.org\/{rel}","templated":true}]}}